{"id":1970,"date":"2025-02-17T20:32:14","date_gmt":"2025-02-17T20:32:14","guid":{"rendered":"https:\/\/efra.in\/?page_id=1970"},"modified":"2025-04-02T14:22:20","modified_gmt":"2025-04-02T14:22:20","slug":"shorts","status":"publish","type":"page","link":"https:\/\/efra.in\/?page_id=1970","title":{"rendered":"Shorts"},"content":{"rendered":"<iframe loading=\"lazy\" title=\"\ud83d\udea8I Nadie puede tocar al Pr\u00edncipe Heredero de Arabia Saudita, luego Donald #Trump lo toca \u00e9picamente\ud83d\ude0e\" width=\"422\" height=\"750\" src=\"https:\/\/www.youtube.com\/embed\/7S4klMExHug?feature=oembed\" frameborder=\"0\" allow=\"accelerometer; autoplay; clipboard-write; encrypted-media; gyroscope; picture-in-picture; web-share\" referrerpolicy=\"strict-origin-when-cross-origin\" allowfullscreen><\/iframe>\r\n\r\n<iframe loading=\"lazy\" title=\"Carlos Slim SE ENFRENTA a ganadores de Nobel de Econom\u00eda: \u00bfqu\u00e9 pasa?\" width=\"500\" height=\"281\" src=\"https:\/\/www.youtube.com\/embed\/M7CnVFfRgtY?feature=oembed\" frameborder=\"0\" allow=\"accelerometer; autoplay; clipboard-write; encrypted-media; gyroscope; picture-in-picture; web-share\" referrerpolicy=\"strict-origin-when-cross-origin\" allowfullscreen><\/iframe>\r\n\r\n<iframe loading=\"lazy\" title=\"LOS PANDILLEROS Y SUS LUJOS EN LAS C\u00c1RCELES  #elsalvador #nayibbukele #noticias\" width=\"500\" height=\"281\" src=\"https:\/\/www.youtube.com\/embed\/Vz-fvicMNX8?feature=oembed\" frameborder=\"0\" allow=\"accelerometer; autoplay; clipboard-write; encrypted-media; gyroscope; picture-in-picture; web-share\" referrerpolicy=\"strict-origin-when-cross-origin\" allowfullscreen><\/iframe>\r\n\r\n<iframe loading=\"lazy\" title=\"#ClaudiaSheinbaum responde a #Google por cambiar el nombre de todo el  GolfodeM\u00e9xico en Maps \ud83d\udccd\ud83c\uddfa\ud83c\uddf8\ud83c\udf0a\" width=\"422\" height=\"750\" src=\"https:\/\/www.youtube.com\/embed\/ZNv-4G3ad9o?feature=oembed\" frameborder=\"0\" allow=\"accelerometer; autoplay; clipboard-write; encrypted-media; gyroscope; picture-in-picture; web-share\" referrerpolicy=\"strict-origin-when-cross-origin\" allowfullscreen><\/iframe>\r\n\r\n<iframe loading=\"lazy\" title=\"Las partes de plastico\" width=\"500\" height=\"281\" src=\"https:\/\/www.youtube.com\/embed\/13l3dPQZ4Eo?feature=oembed\" frameborder=\"0\" allow=\"accelerometer; autoplay; clipboard-write; encrypted-media; gyroscope; picture-in-picture; web-share\" referrerpolicy=\"strict-origin-when-cross-origin\" allowfullscreen><\/iframe>\r\n\r\n<iframe loading=\"lazy\" title=\"This Slinky Can Walk Forever!\" width=\"500\" height=\"281\" src=\"https:\/\/www.youtube.com\/embed\/KIlYZivq_H4?feature=oembed\" frameborder=\"0\" allow=\"accelerometer; autoplay; clipboard-write; encrypted-media; gyroscope; picture-in-picture; web-share\" referrerpolicy=\"strict-origin-when-cross-origin\" allowfullscreen><\/iframe>\r\n\r\n<iframe loading=\"lazy\" title=\"Extra\u00f1o esos momentos \ud83e\udd72 #fyp #viral #parati #RicardoAnaya #AMLO #ElBronco #JoseAntonioMeade #Mexico\" width=\"422\" height=\"750\" src=\"https:\/\/www.youtube.com\/embed\/KaVmGia1lwc?feature=oembed\" frameborder=\"0\" allow=\"accelerometer; autoplay; clipboard-write; encrypted-media; gyroscope; picture-in-picture; web-share\" referrerpolicy=\"strict-origin-when-cross-origin\" allowfullscreen><\/iframe>\r\n\r\n<iframe loading=\"lazy\" title=\"Vacilada hist\u00f3rica a Elon Musk\" width=\"500\" height=\"281\" src=\"https:\/\/www.youtube.com\/embed\/wt4dXPGZCL4?feature=oembed\" frameborder=\"0\" allow=\"accelerometer; autoplay; clipboard-write; encrypted-media; gyroscope; picture-in-picture; web-share\" referrerpolicy=\"strict-origin-when-cross-origin\" allowfullscreen><\/iframe>\r\n\r\n<iframe loading=\"lazy\" title=\"As\u00ed el actuar de la #Fiscal\u00eda del #Edomex y la polic\u00eda ministerial #M\u00e9xico #IrvinGarc\u00eda\" width=\"500\" height=\"281\" src=\"https:\/\/www.youtube.com\/embed\/gLUCueVv1OQ?feature=oembed\" frameborder=\"0\" allow=\"accelerometer; autoplay; clipboard-write; encrypted-media; gyroscope; picture-in-picture; web-share\" referrerpolicy=\"strict-origin-when-cross-origin\" allowfullscreen><\/iframe>\r\n\r\n<iframe loading=\"lazy\" title=\"TRUMP TIENE ESTILO ?\" width=\"500\" height=\"281\" src=\"https:\/\/www.youtube.com\/embed\/9Qg0VHFbrr8?feature=oembed\" frameborder=\"0\" allow=\"accelerometer; autoplay; clipboard-write; encrypted-media; gyroscope; picture-in-picture; web-share\" referrerpolicy=\"strict-origin-when-cross-origin\" allowfullscreen><\/iframe>\r\n\r\n<iframe loading=\"lazy\" title=\"Neoliberalismo, Libra y Javier Milei.  #diegoruzzarin #milei\" width=\"500\" height=\"375\" src=\"https:\/\/www.youtube.com\/embed\/bezkkjf-Nr4?feature=oembed\" frameborder=\"0\" allow=\"accelerometer; autoplay; clipboard-write; encrypted-media; gyroscope; picture-in-picture; web-share\" referrerpolicy=\"strict-origin-when-cross-origin\" allowfullscreen><\/iframe>\r\n\r\n&nbsp;\r\n\r\n<div class=\"epyt-video-wrapper\"><div  id=\"_ytid_65189\"  width=\"800\" height=\"450\"  data-origwidth=\"800\" data-origheight=\"450\" data-facadesrc=\"https:\/\/www.youtube.com\/embed\/b2Vig9fmrkE?enablejsapi=1&#038;autoplay=0&#038;cc_load_policy=0&#038;cc_lang_pref=&#038;iv_load_policy=1&#038;loop=0&#038;modestbranding=1&#038;rel=0&#038;fs=1&#038;playsinline=0&#038;autohide=2&#038;theme=dark&#038;color=red&#038;controls=1&#038;\" class=\"__youtube_prefs__ epyt-facade epyt-is-override  no-lazyload\" data-epautoplay=\"1\" ><img decoding=\"async\" data-spai-excluded=\"true\" class=\"epyt-facade-poster skip-lazy\" loading=\"lazy\"  alt=\"YouTube player\"  src=\"https:\/\/i.ytimg.com\/vi\/b2Vig9fmrkE\/maxresdefault.jpg\"  \/><button class=\"epyt-facade-play\" aria-label=\"Play\"><svg data-no-lazy=\"1\" height=\"100%\" version=\"1.1\" viewBox=\"0 0 68 48\" width=\"100%\"><path class=\"ytp-large-play-button-bg\" d=\"M66.52,7.74c-0.78-2.93-2.49-5.41-5.42-6.19C55.79,.13,34,0,34,0S12.21,.13,6.9,1.55 C3.97,2.33,2.27,4.81,1.48,7.74C0.06,13.05,0,24,0,24s0.06,10.95,1.48,16.26c0.78,2.93,2.49,5.41,5.42,6.19 C12.21,47.87,34,48,34,48s21.79-0.13,27.1-1.55c2.93-0.78,4.64-3.26,5.42-6.19C67.94,34.95,68,24,68,24S67.94,13.05,66.52,7.74z\" fill=\"#f00\"><\/path><path d=\"M 45,24 27,14 27,34\" fill=\"#fff\"><\/path><\/svg><\/button><\/div><\/div>\n\r\n<iframe loading=\"lazy\" title=\"#IrvingGarc\u00eda regresa a la FGE en #Aguascalientes #M\u00e9xico y le formatean la evidencia\" width=\"500\" height=\"281\" src=\"https:\/\/www.youtube.com\/embed\/VGmHGUSanr4?feature=oembed\" frameborder=\"0\" allow=\"accelerometer; autoplay; clipboard-write; encrypted-media; gyroscope; picture-in-picture; web-share\" referrerpolicy=\"strict-origin-when-cross-origin\" allowfullscreen><\/iframe>\r\n\r\n<iframe loading=\"lazy\" title=\"#hero #starman #heroic #meme #shorts\" width=\"500\" height=\"281\" src=\"https:\/\/www.youtube.com\/embed\/vEUc2knDsyQ?feature=oembed\" frameborder=\"0\" allow=\"accelerometer; autoplay; clipboard-write; encrypted-media; gyroscope; picture-in-picture; web-share\" referrerpolicy=\"strict-origin-when-cross-origin\" allowfullscreen><\/iframe>\r\n\r\n<iframe loading=\"lazy\" title=\"Tremendo calladon de hocico a senador del PRI &quot;Tuviste 7 meses para leer&quot; #ultimahora #noticias #usa\" width=\"500\" height=\"281\" src=\"https:\/\/www.youtube.com\/embed\/d4eEgPHCJB8?feature=oembed\" frameborder=\"0\" allow=\"accelerometer; autoplay; clipboard-write; encrypted-media; gyroscope; picture-in-picture; web-share\" referrerpolicy=\"strict-origin-when-cross-origin\" allowfullscreen><\/iframe>\r\n\r\n<iframe loading=\"lazy\" title=\"#gusgripodcast #zunzunegui #mexico #porfiriodiaz #historia\" width=\"500\" height=\"281\" src=\"https:\/\/www.youtube.com\/embed\/wnVSqnI-abQ?feature=oembed\" frameborder=\"0\" allow=\"accelerometer; autoplay; clipboard-write; encrypted-media; gyroscope; picture-in-picture; web-share\" referrerpolicy=\"strict-origin-when-cross-origin\" allowfullscreen><\/iframe>\r\n\r\n&nbsp;\r\n\r\n<iframe loading=\"lazy\" title=\"C\u00f3mo Caminar En El Aire\ud83d\ude33\" width=\"422\" height=\"750\" src=\"https:\/\/www.youtube.com\/embed\/6wD0vO6NHQA?feature=oembed\" frameborder=\"0\" allow=\"accelerometer; autoplay; clipboard-write; encrypted-media; gyroscope; picture-in-picture; web-share\" referrerpolicy=\"strict-origin-when-cross-origin\" allowfullscreen><\/iframe>\r\n\r\n<iframe loading=\"lazy\" title=\"Policia  011 #usa\" width=\"500\" height=\"281\" src=\"https:\/\/www.youtube.com\/embed\/je0o3C0OWzA?feature=oembed\" frameborder=\"0\" allow=\"accelerometer; autoplay; clipboard-write; encrypted-media; gyroscope; picture-in-picture; web-share\" referrerpolicy=\"strict-origin-when-cross-origin\" allowfullscreen><\/iframe>\r\n\r\n<iframe loading=\"lazy\" title=\"El boom de los SUPERMERCADOS en M\u00e9xico\" width=\"500\" height=\"281\" src=\"https:\/\/www.youtube.com\/embed\/UpKJpCWZKuQ?feature=oembed\" frameborder=\"0\" allow=\"accelerometer; autoplay; clipboard-write; encrypted-media; gyroscope; picture-in-picture; web-share\" referrerpolicy=\"strict-origin-when-cross-origin\" allowfullscreen><\/iframe>\r\n\r\n<iframe loading=\"lazy\" title=\"LAS 4 GASTRONOM\u00cdAS QUE SON PATRIMONIO DE LA HUMANIDAD\" width=\"500\" height=\"281\" src=\"https:\/\/www.youtube.com\/embed\/jleONpOIn5g?feature=oembed\" frameborder=\"0\" allow=\"accelerometer; autoplay; clipboard-write; encrypted-media; gyroscope; picture-in-picture; web-share\" referrerpolicy=\"strict-origin-when-cross-origin\" allowfullscreen><\/iframe>\r\n\r\n&nbsp;\r\n\r\n<iframe loading=\"lazy\" title=\"Consume cetonas para tener energ\u00eda y rendir mejor en el deporte\" width=\"500\" height=\"281\" src=\"https:\/\/www.youtube.com\/embed\/3QGgkKxZ5HU?feature=oembed\" frameborder=\"0\" allow=\"accelerometer; autoplay; clipboard-write; encrypted-media; gyroscope; picture-in-picture; web-share\" referrerpolicy=\"strict-origin-when-cross-origin\" allowfullscreen><\/iframe>\r\n\r\n<iframe loading=\"lazy\" title=\"De CDMX a TOLUCA a $60 en el NUEVO TREN\ud83d\ude28\ud83c\uddf2\ud83c\uddfd #virals #CDMX #Toluca #nuevotren #mexico #barato #rapido\" width=\"422\" height=\"750\" src=\"https:\/\/www.youtube.com\/embed\/c-3EH42jz44?feature=oembed\" frameborder=\"0\" allow=\"accelerometer; autoplay; clipboard-write; encrypted-media; gyroscope; picture-in-picture; web-share\" referrerpolicy=\"strict-origin-when-cross-origin\" allowfullscreen><\/iframe>\r\n\r\n<iframe loading=\"lazy\" title=\"El inventor del monorriel fue un genio, dise\u00f1o un tren que funcionaba sobre una sola via\ud83d\ude2e\" width=\"422\" height=\"750\" src=\"https:\/\/www.youtube.com\/embed\/qEYAqmoucHc?feature=oembed\" frameborder=\"0\" allow=\"accelerometer; autoplay; clipboard-write; encrypted-media; gyroscope; picture-in-picture; web-share\" referrerpolicy=\"strict-origin-when-cross-origin\" allowfullscreen><\/iframe>\r\n\r\n&nbsp;\r\n\r\n<iframe loading=\"lazy\" title=\"NORO\u00d1A SE HART\u00d3 Y AS\u00cd LE CONTESTO\ud83e\udee1\ud83d\ude0e\ud83c\uddf2\ud83c\uddfd#lillytellez #noro\u00f1a #shorts #trasvi\u00f1a  #risa #trending\" width=\"422\" height=\"750\" src=\"https:\/\/www.youtube.com\/embed\/eFBy-l6bpG0?feature=oembed\" frameborder=\"0\" allow=\"accelerometer; autoplay; clipboard-write; encrypted-media; gyroscope; picture-in-picture; web-share\" referrerpolicy=\"strict-origin-when-cross-origin\" allowfullscreen><\/iframe>\r\n\r\n&nbsp;\r\n\r\nhttps:\/\/www.airbnb.mx\/rooms\/721240269374381052?location=San%20Miguel%20de%20Allende%2C%20Gto.&#038;search_mode=regular_search&#038;adults=1&#038;category_tag=Tag%3A8678&#038;check_in=2025-03-22&#038;photo_id=2010269708&#038;source_impression_id=p3_1741961396_P3G0QcERPkmbr_F1&#038;previous_page_section_name=1001&#038;federated_search_id=0fde1534-c58c-4f69-ab6f-7182ede97616&#038;guests=1&#038;check_out=2025-03-25\r\n\r\n&nbsp;\r\n\r\n<iframe loading=\"lazy\" title=\"\u00bfSe debe prohibir la IA en los colegios?\" width=\"500\" height=\"281\" src=\"https:\/\/www.youtube.com\/embed\/8L55XfZgq_4?feature=oembed\" frameborder=\"0\" allow=\"accelerometer; autoplay; clipboard-write; encrypted-media; gyroscope; picture-in-picture; web-share\" referrerpolicy=\"strict-origin-when-cross-origin\" allowfullscreen><\/iframe>\r\n\r\n<iframe loading=\"lazy\" title=\"Las 4 Taquer\u00edas m\u00e1s baratas de la CDMX \ud83c\udf2e \u2022\u2022\u2022 cdmx #tacos #taqueria #barato\" width=\"422\" height=\"750\" src=\"https:\/\/www.youtube.com\/embed\/8qyQePQS0G4?feature=oembed\" frameborder=\"0\" allow=\"accelerometer; autoplay; clipboard-write; encrypted-media; gyroscope; picture-in-picture; web-share\" referrerpolicy=\"strict-origin-when-cross-origin\" allowfullscreen><\/iframe>\r\n\r\n&nbsp;\r\n\r\n&nbsp;\r\n\r\n&nbsp;\r\n\r\n&nbsp;","protected":false},"excerpt":{"rendered":"<p>&nbsp; &nbsp; &nbsp; &nbsp; &nbsp; https:\/\/www.airbnb.mx\/rooms\/721240269374381052?location=San%20Miguel%20de%20Allende%2C%20Gto.&#038;search_mode=regular_search&#038;adults=1&#038;category_tag=Tag%3A8678&#038;check_in=2025-03-22&#038;photo_id=2010269708&#038;source_impression_id=p3_1741961396_P3G0QcERPkmbr_F1&#038;previous_page_section_name=1001&#038;federated_search_id=0fde1534-c58c-4f69-ab6f-7182ede97616&#038;guests=1&#038;check_out=2025-03-25 &nbsp; &nbsp; &nbsp; &nbsp; &nbsp;<\/p>\n","protected":false},"author":1,"featured_media":0,"parent":0,"menu_order":0,"comment_status":"closed","ping_status":"closed","template":"","meta":{"footnotes":""},"class_list":["post-1970","page","type-page","status-publish","hentry"],"jetpack_sharing_enabled":true,"_links":{"self":[{"href":"https:\/\/efra.in\/index.php?rest_route=\/wp\/v2\/pages\/1970","targetHints":{"allow":["GET"]}}],"collection":[{"href":"https:\/\/efra.in\/index.php?rest_route=\/wp\/v2\/pages"}],"about":[{"href":"https:\/\/efra.in\/index.php?rest_route=\/wp\/v2\/types\/page"}],"author":[{"embeddable":true,"href":"https:\/\/efra.in\/index.php?rest_route=\/wp\/v2\/users\/1"}],"replies":[{"embeddable":true,"href":"https:\/\/efra.in\/index.php?rest_route=%2Fwp%2Fv2%2Fcomments&post=1970"}],"version-history":[{"count":27,"href":"https:\/\/efra.in\/index.php?rest_route=\/wp\/v2\/pages\/1970\/revisions"}],"predecessor-version":[{"id":2139,"href":"https:\/\/efra.in\/index.php?rest_route=\/wp\/v2\/pages\/1970\/revisions\/2139"}],"wp:attachment":[{"href":"https:\/\/efra.in\/index.php?rest_route=%2Fwp%2Fv2%2Fmedia&parent=1970"}],"curies":[{"name":"wp","href":"https:\/\/api.w.org\/{rel}","templated":true}]}}